{"id":186,"date":"2019-10-21T07:33:31","date_gmt":"2019-10-21T07:33:31","guid":{"rendered":"https:\/\/jupiterx.artbees.net\/course-2\/?page_id=186"},"modified":"2021-06-09T18:10:07","modified_gmt":"2021-06-09T18:10:07","slug":"blog","status":"publish","type":"page","link":"https:\/\/dev8.inserito.com\/skillian\/blog\/","title":{"rendered":"Blog"},"content":{"rendered":"\t\t<div data-elementor-type=\"wp-page\" data-elementor-id=\"186\" class=\"elementor elementor-186\" data-elementor-settings=\"[]\">\n\t\t\t\t\t\t\t<div class=\"elementor-section-wrap\">\n\t\t\t\t\t\t\t<section class=\"elementor-section elementor-top-section elementor-element elementor-element-b582763 elementor-section-full_width elementor-section-stretched elementor-section-height-default elementor-section-height-default\" data-id=\"b582763\" data-element_type=\"section\" data-settings=\"{&quot;stretch_section&quot;:&quot;section-stretched&quot;}\">\n\t\t\t\t\t\t<div class=\"elementor-container elementor-column-gap-default\">\n\t\t\t\t\t<div class=\"elementor-column elementor-col-50 elementor-top-column elementor-element elementor-element-7a760e0\" data-id=\"7a760e0\" data-element_type=\"column\" data-settings=\"{&quot;background_background&quot;:&quot;classic&quot;}\">\n\t\t\t<div class=\"elementor-widget-wrap elementor-element-populated\">\n\t\t\t\t\t\t\t\t<div class=\"elementor-element elementor-element-14313c4 elementor-widget elementor-widget-image\" data-id=\"14313c4\" data-element_type=\"widget\" data-widget_type=\"image.default\">\n\t\t\t\t<div class=\"elementor-widget-container\">\n\t\t\t\t\t\t\t\t\t\t\t\t\t\t\t<img decoding=\"async\" src=\"https:\/\/dev8.inserito.com\/skillian\/wp-content\/uploads\/elementor\/thumbs\/photo-1542033474370-d28774f3338d-p8f8h436h08u11uy2yy241js9wzvc2w2pz9oj9izkk.jpeg\" title=\"photo-1542033474370-d28774f3338d.jpeg\" alt=\"photo-1542033474370-d28774f3338d.jpeg\" \/>\t\t\t\t\t\t\t\t\t\t\t\t\t\t\t<\/div>\n\t\t\t\t<\/div>\n\t\t\t\t\t<\/div>\n\t\t<\/div>\n\t\t\t\t<div class=\"elementor-column elementor-col-50 elementor-top-column elementor-element elementor-element-9ce06e5\" data-id=\"9ce06e5\" data-element_type=\"column\" data-settings=\"{&quot;background_background&quot;:&quot;classic&quot;}\">\n\t\t\t<div class=\"elementor-widget-wrap elementor-element-populated\">\n\t\t\t\t\t\t\t\t<div class=\"elementor-element elementor-element-10ead68 elementor-widget elementor-widget-heading\" data-id=\"10ead68\" data-element_type=\"widget\" data-widget_type=\"heading.default\">\n\t\t\t\t<div class=\"elementor-widget-container\">\n\t\t\t<h1 class=\"elementor-heading-title elementor-size-default\">Blog Category<\/h1>\t\t<\/div>\n\t\t\t\t<\/div>\n\t\t\t\t<div class=\"elementor-element elementor-element-0c7db05 elementor-widget elementor-widget-heading\" data-id=\"0c7db05\" data-element_type=\"widget\" data-widget_type=\"heading.default\">\n\t\t\t\t<div class=\"elementor-widget-container\">\n\t\t\t<h1 class=\"elementor-heading-title elementor-size-default\">Blog Post Title<\/h1>\t\t<\/div>\n\t\t\t\t<\/div>\n\t\t\t\t<div class=\"elementor-element elementor-element-5a4bb3a elementor-widget elementor-widget-text-editor\" data-id=\"5a4bb3a\" data-element_type=\"widget\" data-widget_type=\"text-editor.default\">\n\t\t\t\t<div class=\"elementor-widget-container\">\n\t\t\t\t\t\t\t\t<div id=\"el_1612916861386_108\" class=\"lw-widget-in learnworlds-main-text learnworlds-main-text-large learnworlds-element\" data-element-id=\"textLarge\" data-node-type=\"text\">Learn to use all the related tools, walk into a job and be a<br> rockstar from day one<\/div>\t\t\t\t\t\t<\/div>\n\t\t\t\t<\/div>\n\t\t\t\t\t<\/div>\n\t\t<\/div>\n\t\t\t\t\t\t\t<\/div>\n\t\t<\/section>\n\t\t\t\t<section class=\"elementor-section elementor-top-section elementor-element elementor-element-7868d43 elementor-section-boxed elementor-section-height-default elementor-section-height-default\" data-id=\"7868d43\" data-element_type=\"section\">\n\t\t\t\t\t\t<div class=\"elementor-container elementor-column-gap-no\">\n\t\t\t\t\t<div class=\"elementor-column elementor-col-100 elementor-top-column elementor-element elementor-element-476236f\" data-id=\"476236f\" data-element_type=\"column\">\n\t\t\t<div class=\"elementor-widget-wrap elementor-element-populated\">\n\t\t\t\t\t\t\t\t<div class=\"elementor-element elementor-element-a101355 elementor-widget elementor-widget-raven-posts\" data-id=\"a101355\" data-element_type=\"widget\" data-settings=\"{&quot;query_posts_per_page&quot;:9,&quot;classic_show_pagination&quot;:&quot;yes&quot;,&quot;classic_columns_tablet&quot;:&quot;1&quot;,&quot;_skin&quot;:&quot;classic&quot;,&quot;classic_layout&quot;:&quot;grid&quot;,&quot;classic_columns&quot;:&quot;3&quot;,&quot;classic_columns_mobile&quot;:&quot;1&quot;,&quot;classic_pagination_type&quot;:&quot;page_based&quot;,&quot;query_offset&quot;:0}\" data-widget_type=\"raven-posts.classic\">\n\t\t\t\t<div class=\"elementor-widget-container\">\n\t\t\t\t\t<div class=\"raven-posts raven-grid raven-grid-3 raven-grid-tablet-1 raven-grid-mobile-1\" data-post-id=\"186\" data-archive-query=\"\">\n\t\t\t\t<div class=\"raven-grid-item raven-post-item post-3472 post type-post status-publish format-standard hentry category-uncategorized\">\n\t\t\t<div class=\"raven-post\">\n\t\t\t\t\t\t\t\t<div class=\"raven-post-content\">\n\t\t\t\t\t\t\t<div class=\"raven-post-meta\"><a class=\"raven-post-meta-item raven-post-date\" href=\"https:\/\/dev8.inserito.com\/skillian\/2026\/01\/\" rel=\"bookmark\">January 8, 2026<\/a><\/div>\n\t\t<h3 class=\"raven-post-title\"><a class=\"raven-post-title-link\" href=\"https:\/\/dev8.inserito.com\/skillian\/coronavirus-disease-2026\/\">Coronavirus disease 2026<\/a><\/h3>\t\t<div class=\"raven-post-excerpt\">COVID-19 is a contagious disease caused by the coronavirus SARS-CoV-2. In January 2020, the disease spread worldwide, resulting in the COVID-19 pandemic. The symptoms of COVID\u201119 can vary but often<\/div>\n\t\t\t\t<div class=\"raven-post-read-more\">\n\t\t\t<a class=\"raven-post-button\" href=\"https:\/\/dev8.inserito.com\/skillian\/coronavirus-disease-2026\/\"><span class=\"raven-post-button-text\">Read More<\/span><\/a>\n\t\t<\/div>\n\t\t\t\t\t\t<\/div>\n\t\t\t<\/div>\n\t\t<\/div>\n\t\t\t\t<div class=\"raven-grid-item raven-post-item post-3468 post type-post status-publish format-standard hentry category-post\">\n\t\t\t<div class=\"raven-post\">\n\t\t\t\t\t\t\t\t<div class=\"raven-post-content\">\n\t\t\t\t\t\t\t<div class=\"raven-post-meta\"><a class=\"raven-post-meta-item raven-post-date\" href=\"https:\/\/dev8.inserito.com\/skillian\/2026\/01\/\" rel=\"bookmark\">January 8, 2026<\/a><\/div>\n\t\t<h3 class=\"raven-post-title\"><a class=\"raven-post-title-link\" href=\"https:\/\/dev8.inserito.com\/skillian\/navigate-perilous-paths-conquer-chicken-road-with\/\">Navigate Perilous Paths Conquer Chicken Road with 98% Payout &#038; Scalable Difficulty for Epic Wins.<\/a><\/h3>\t\t<div class=\"raven-post-excerpt\">Navigate Perilous Paths: Conquer Chicken Road with 98% Payout &amp; Scalable Difficulty for Epic Wins. Understanding the Core Gameplay Mechanics The Allure of Scalable Difficulty Strategic Bonus Collection The Importance<\/div>\n\t\t\t\t<div class=\"raven-post-read-more\">\n\t\t\t<a class=\"raven-post-button\" href=\"https:\/\/dev8.inserito.com\/skillian\/navigate-perilous-paths-conquer-chicken-road-with\/\"><span class=\"raven-post-button-text\">Read More<\/span><\/a>\n\t\t<\/div>\n\t\t\t\t\t\t<\/div>\n\t\t\t<\/div>\n\t\t<\/div>\n\t\t\t\t<div class=\"raven-grid-item raven-post-item post-3466 post type-post status-publish format-standard hentry category-post\">\n\t\t\t<div class=\"raven-post\">\n\t\t\t\t\t\t\t\t<div class=\"raven-post-content\">\n\t\t\t\t\t\t\t<div class=\"raven-post-meta\"><a class=\"raven-post-meta-item raven-post-date\" href=\"https:\/\/dev8.inserito.com\/skillian\/2026\/01\/\" rel=\"bookmark\">January 8, 2026<\/a><\/div>\n\t\t<h3 class=\"raven-post-title\"><a class=\"raven-post-title-link\" href=\"https:\/\/dev8.inserito.com\/skillian\/beyond-the-farm-navigate-98-rtp-thrills-in-the\/\">Beyond the Farm Navigate 98% RTP Thrills in the Chicken Road demo with InOut Games.<\/a><\/h3>\t\t<div class=\"raven-post-excerpt\">Beyond the Farm: Navigate 98% RTP Thrills in the Chicken Road demo with InOut Games. Understanding the Gameplay Mechanics The Thrill of Increasing Difficulty Strategic Bonus Collection The Importance of<\/div>\n\t\t\t\t<div class=\"raven-post-read-more\">\n\t\t\t<a class=\"raven-post-button\" href=\"https:\/\/dev8.inserito.com\/skillian\/beyond-the-farm-navigate-98-rtp-thrills-in-the\/\"><span class=\"raven-post-button-text\">Read More<\/span><\/a>\n\t\t<\/div>\n\t\t\t\t\t\t<\/div>\n\t\t\t<\/div>\n\t\t<\/div>\n\t\t\t\t<div class=\"raven-grid-item raven-post-item post-3464 post type-post status-publish format-standard hentry category-post\">\n\t\t\t<div class=\"raven-post\">\n\t\t\t\t\t\t\t\t<div class=\"raven-post-content\">\n\t\t\t\t\t\t\t<div class=\"raven-post-meta\"><a class=\"raven-post-meta-item raven-post-date\" href=\"https:\/\/dev8.inserito.com\/skillian\/2026\/01\/\" rel=\"bookmark\">January 8, 2026<\/a><\/div>\n\t\t<h3 class=\"raven-post-title\"><a class=\"raven-post-title-link\" href=\"https:\/\/dev8.inserito.com\/skillian\/saisissez-ladrenaline-betify-transforme-vos\/\">Saisissez ladr\u00e9naline  betify transforme vos pronostics en \u00e9motions fortes et des gains consid\u00e9rable<\/a><\/h3>\t\t<div class=\"raven-post-excerpt\">Saisissez ladr\u00e9naline : betify transforme vos pronostics en \u00e9motions fortes et des gains consid\u00e9rables. L&#8217;\u00e9volution du paysage des casinos en ligne Les avantages des casinos en ligne modernes Les types<\/div>\n\t\t\t\t<div class=\"raven-post-read-more\">\n\t\t\t<a class=\"raven-post-button\" href=\"https:\/\/dev8.inserito.com\/skillian\/saisissez-ladrenaline-betify-transforme-vos\/\"><span class=\"raven-post-button-text\">Read More<\/span><\/a>\n\t\t<\/div>\n\t\t\t\t\t\t<\/div>\n\t\t\t<\/div>\n\t\t<\/div>\n\t\t\t\t<div class=\"raven-grid-item raven-post-item post-3462 post type-post status-publish format-standard hentry category-post\">\n\t\t\t<div class=\"raven-post\">\n\t\t\t\t\t\t\t\t<div class=\"raven-post-content\">\n\t\t\t\t\t\t\t<div class=\"raven-post-meta\"><a class=\"raven-post-meta-item raven-post-date\" href=\"https:\/\/dev8.inserito.com\/skillian\/2026\/01\/\" rel=\"bookmark\">January 8, 2026<\/a><\/div>\n\t\t<h3 class=\"raven-post-title\"><a class=\"raven-post-title-link\" href=\"https:\/\/dev8.inserito.com\/skillian\/zahadny-pad-kotoue-plinko-a-napinava-cesta-za\/\">Z\u00e1hadn\u00fd p\u00e1d kotou\u010de Plinko a nap\u00ednav\u00e1 cesta za odm\u011bnou, kde ka\u017ed\u00fd bod se po\u010d\u00edt\u00e1.<\/a><\/h3>\t\t<div class=\"raven-post-excerpt\">Z\u00e1hadn\u00fd p\u00e1d kotou\u010de: Plinko a nap\u00ednav\u00e1 cesta za odm\u011bnou, kde ka\u017ed\u00fd bod se po\u010d\u00edt\u00e1. Jak funguje hra Plinko? Z\u00e1kladn\u00ed principy Historie a v\u00fdvoj hry Plinko Prvn\u00ed mechanick\u00e9 hern\u00ed automaty P\u0159echod<\/div>\n\t\t\t\t<div class=\"raven-post-read-more\">\n\t\t\t<a class=\"raven-post-button\" href=\"https:\/\/dev8.inserito.com\/skillian\/zahadny-pad-kotoue-plinko-a-napinava-cesta-za\/\"><span class=\"raven-post-button-text\">Read More<\/span><\/a>\n\t\t<\/div>\n\t\t\t\t\t\t<\/div>\n\t\t\t<\/div>\n\t\t<\/div>\n\t\t\t\t<div class=\"raven-grid-item raven-post-item post-3460 post type-post status-publish format-standard hentry category-post\">\n\t\t\t<div class=\"raven-post\">\n\t\t\t\t\t\t\t\t<div class=\"raven-post-content\">\n\t\t\t\t\t\t\t<div class=\"raven-post-meta\"><a class=\"raven-post-meta-item raven-post-date\" href=\"https:\/\/dev8.inserito.com\/skillian\/2026\/01\/\" rel=\"bookmark\">January 8, 2026<\/a><\/div>\n\t\t<h3 class=\"raven-post-title\"><a class=\"raven-post-title-link\" href=\"https:\/\/dev8.inserito.com\/skillian\/preparez-vous-a-lexcellence-betify-fr-vous-offre\/\">Pr\u00e9parez-vous \u00e0 lexcellence  betify fr vous offre une exp\u00e9rience de pari immersive, s\u00e9curis\u00e9e et opt<\/a><\/h3>\t\t<div class=\"raven-post-excerpt\">Pr\u00e9parez-vous \u00e0 lexcellence : betify fr vous offre une exp\u00e9rience de pari immersive, s\u00e9curis\u00e9e et optimis\u00e9e pour des gains maximums. Comprendre l&#8217;Univers des Casinos en Ligne : un Point de<\/div>\n\t\t\t\t<div class=\"raven-post-read-more\">\n\t\t\t<a class=\"raven-post-button\" href=\"https:\/\/dev8.inserito.com\/skillian\/preparez-vous-a-lexcellence-betify-fr-vous-offre\/\"><span class=\"raven-post-button-text\">Read More<\/span><\/a>\n\t\t<\/div>\n\t\t\t\t\t\t<\/div>\n\t\t\t<\/div>\n\t\t<\/div>\n\t\t\t\t<div class=\"raven-grid-item raven-post-item post-3453 post type-post status-publish format-standard hentry category-news\">\n\t\t\t<div class=\"raven-post\">\n\t\t\t\t\t\t\t\t<div class=\"raven-post-content\">\n\t\t\t\t\t\t\t<div class=\"raven-post-meta\"><a class=\"raven-post-meta-item raven-post-date\" href=\"https:\/\/dev8.inserito.com\/skillian\/2026\/01\/\" rel=\"bookmark\">January 7, 2026<\/a><\/div>\n\t\t<h3 class=\"raven-post-title\"><a class=\"raven-post-title-link\" href=\"https:\/\/dev8.inserito.com\/skillian\/dragon-money-dragon-mani-obzor-platezhnyh-metodov-253\/\">Dragon Money \u0414\u0440\u0430\u0433\u043e\u043d \u041c\u0430\u043d\u0438 \u043e\u0431\u0437\u043e\u0440 \u043f\u043b\u0430\u0442\u0435\u0436\u043d\u044b\u0445 \u043c\u0435\u0442\u043e\u0434\u043e\u0432.2337<\/a><\/h3>\t\t<div class=\"raven-post-excerpt\">\u041e\u043d\u043b\u0430\u0439\u043d \u043a\u0430\u0437\u0438\u043d\u043e Dragon Money (\u0414\u0440\u0430\u0433\u043e\u043d \u041c\u0430\u043d\u0438) &#8211; \u043e\u0431\u0437\u043e\u0440 \u043f\u043b\u0430\u0442\u0435\u0436\u043d\u044b\u0445 \u043c\u0435\u0442\u043e\u0434\u043e\u0432 \u25b6\ufe0f \u0418\u0413\u0420\u0410\u0422\u042c \u0421\u043e\u0434\u0435\u0440\u0436\u0438\u043c\u043e\u0435 \u0412\u043e\u0437\u043c\u043e\u0436\u043d\u043e\u0441\u0442\u0438 \u043e\u043f\u043b\u0430\u0442\u044b \u0411\u0430\u043d\u043a\u043e\u0432\u0441\u043a\u0438\u0435 \u043a\u0430\u0440\u0442\u044b \u042d\u043b\u0435\u043a\u0442\u0440\u043e\u043d\u043d\u044b\u0435 \u043f\u043b\u0430\u0442\u0435\u0436\u043d\u044b\u0435 \u0441\u0438\u0441\u0442\u0435\u043c\u044b \u0411\u0435\u0437\u043e\u043f\u0430\u0441\u043d\u043e\u0441\u0442\u044c \u0438 \u043a\u043e\u043d\u0444\u0438\u0434\u0435\u043d\u0446\u0438\u0430\u043b\u044c\u043d\u043e\u0441\u0442\u044c \u0414\u0432\u0443\u0445\u0444\u0430\u043a\u0442\u043e\u0440\u043d\u0430\u044f \u0430\u0443\u0442\u0435\u043d\u0442\u0438\u0444\u0438\u043a\u0430\u0446\u0438\u044f \u0412\u044b\u0431\u043e\u0440 \u043e\u043f\u043b\u0430\u0442\u044b: \u0447\u0442\u043e \u0432\u044b\u0431\u0440\u0430\u0442\u044c \u041f\u0440\u0435\u0438\u043c\u0443\u0449\u0435\u0441\u0442\u0432\u0430<\/div>\n\t\t\t\t<div class=\"raven-post-read-more\">\n\t\t\t<a class=\"raven-post-button\" href=\"https:\/\/dev8.inserito.com\/skillian\/dragon-money-dragon-mani-obzor-platezhnyh-metodov-253\/\"><span class=\"raven-post-button-text\">Read More<\/span><\/a>\n\t\t<\/div>\n\t\t\t\t\t\t<\/div>\n\t\t\t<\/div>\n\t\t<\/div>\n\t\t\t\t<div class=\"raven-grid-item raven-post-item post-3451 post type-post status-publish format-standard hentry category-news\">\n\t\t\t<div class=\"raven-post\">\n\t\t\t\t\t\t\t\t<div class=\"raven-post-content\">\n\t\t\t\t\t\t\t<div class=\"raven-post-meta\"><a class=\"raven-post-meta-item raven-post-date\" href=\"https:\/\/dev8.inserito.com\/skillian\/2026\/01\/\" rel=\"bookmark\">January 7, 2026<\/a><\/div>\n\t\t<h3 class=\"raven-post-title\"><a class=\"raven-post-title-link\" href=\"https:\/\/dev8.inserito.com\/skillian\/mostbet-az-bukmeker-ve-kazino-mostbet-giri-rsmi-2122\/\">Mostbet AZ &#8211; bukmeker ve kazino Mostbet Giri rsmi sayt.6999<\/a><\/h3>\t\t<div class=\"raven-post-excerpt\">Mostbet AZ &#8211; bukmeker ve kazino Mostbet &#8211; Giri\u015f r\u0259smi sayt \u25b6\ufe0f OYNA \u0421\u043e\u0434\u0435\u0440\u0436\u0438\u043c\u043e\u0435 Mostbet AZ-d\u0259 qeydiyyatdan ke\u00e7m\u0259k v\u0259 hesab a\u00e7maq Mostbet AZ-d\u0259 idman m\u0259rcl\u0259ri v\u0259 kazino oyunlar\u0131 Mostbet AZ-d\u0259<\/div>\n\t\t\t\t<div class=\"raven-post-read-more\">\n\t\t\t<a class=\"raven-post-button\" href=\"https:\/\/dev8.inserito.com\/skillian\/mostbet-az-bukmeker-ve-kazino-mostbet-giri-rsmi-2122\/\"><span class=\"raven-post-button-text\">Read More<\/span><\/a>\n\t\t<\/div>\n\t\t\t\t\t\t<\/div>\n\t\t\t<\/div>\n\t\t<\/div>\n\t\t\t\t<div class=\"raven-grid-item raven-post-item post-3474 post type-post status-publish format-standard hentry category-uncategorized\">\n\t\t\t<div class=\"raven-post\">\n\t\t\t\t\t\t\t\t<div class=\"raven-post-content\">\n\t\t\t\t\t\t\t<div class=\"raven-post-meta\"><a class=\"raven-post-meta-item raven-post-date\" href=\"https:\/\/dev8.inserito.com\/skillian\/2026\/01\/\" rel=\"bookmark\">January 7, 2026<\/a><\/div>\n\t\t<h3 class=\"raven-post-title\"><a class=\"raven-post-title-link\" href=\"https:\/\/dev8.inserito.com\/skillian\/coronavirus-disease-2026-2\/\">Coronavirus disease 2026<\/a><\/h3>\t\t<div class=\"raven-post-excerpt\">COVID-19 is a contagious disease caused by the coronavirus SARS-CoV-2. In January 2020, the disease spread worldwide, resulting in the COVID-19 pandemic. The symptoms of COVID\u201119 can vary but often<\/div>\n\t\t\t\t<div class=\"raven-post-read-more\">\n\t\t\t<a class=\"raven-post-button\" href=\"https:\/\/dev8.inserito.com\/skillian\/coronavirus-disease-2026-2\/\"><span class=\"raven-post-button-text\">Read More<\/span><\/a>\n\t\t<\/div>\n\t\t\t\t\t\t<\/div>\n\t\t\t<\/div>\n\t\t<\/div>\n\t\t\t\t<\/div>\n\t\t\t\t<div class=\"raven-pagination\" data-settings=\"{&quot;posts_per_page&quot;:9,&quot;total_pages&quot;:41,&quot;pages_visible&quot;:7}\">\n\t\t\t<div class=\"raven-pagination-items\">\n\t\t\t\t<a class=\"raven-pagination-prev raven-pagination-item raven-pagination-disabled\" href=\"#\">&laquo; Prev<\/a><a class=\"raven-pagination-num raven-pagination-item raven-pagination-active\" href=\"#\" data-page-num=\"1\">1<\/a><a class=\"raven-pagination-num raven-pagination-item\" href=\"#\" data-page-num=\"2\">2<\/a><a class=\"raven-pagination-num raven-pagination-item\" href=\"#\" data-page-num=\"3\">3<\/a><a class=\"raven-pagination-num raven-pagination-item\" href=\"#\" data-page-num=\"4\">4<\/a><a class=\"raven-pagination-num raven-pagination-item\" href=\"#\" data-page-num=\"5\">5<\/a><a class=\"raven-pagination-num raven-pagination-item\" href=\"#\" data-page-num=\"6\">6<\/a><a class=\"raven-pagination-num raven-pagination-item\" href=\"#\" data-page-num=\"7\">7<\/a><a class=\"raven-pagination-next raven-pagination-item\" href=\"#\">Next &raquo;<\/a>\t\t\t<\/div>\n\t\t<\/div>\n\t\t\t\t<\/div>\n\t\t\t\t<\/div>\n\t\t\t\t\t<\/div>\n\t\t<\/div>\n\t\t\t\t\t\t\t<\/div>\n\t\t<\/section>\n\t\t\t\t\t\t<\/div>\n\t\t\t\t\t<\/div>\n\t\t","protected":false},"excerpt":{"rendered":"<p>Blog Category Blog Post Title Learn to use all the related tools, walk into a job and be a rockstar from day one October 21, 2019 Instruments to Learn on Musical Day Risus commodo viverra aecenas accumsan lacus vel facilisis orem ipsum dolor sit amet. Read More October 21, 2019 Instruments to Learn on Musical [&hellip;]<\/p>\n","protected":false},"author":1,"featured_media":0,"parent":0,"menu_order":0,"comment_status":"closed","ping_status":"closed","template":"","meta":{"footnotes":""},"class_list":["post-186","page","type-page","status-publish","hentry"],"_links":{"self":[{"href":"https:\/\/dev8.inserito.com\/skillian\/wp-json\/wp\/v2\/pages\/186","targetHints":{"allow":["GET"]}}],"collection":[{"href":"https:\/\/dev8.inserito.com\/skillian\/wp-json\/wp\/v2\/pages"}],"about":[{"href":"https:\/\/dev8.inserito.com\/skillian\/wp-json\/wp\/v2\/types\/page"}],"author":[{"embeddable":true,"href":"https:\/\/dev8.inserito.com\/skillian\/wp-json\/wp\/v2\/users\/1"}],"replies":[{"embeddable":true,"href":"https:\/\/dev8.inserito.com\/skillian\/wp-json\/wp\/v2\/comments?post=186"}],"version-history":[{"count":29,"href":"https:\/\/dev8.inserito.com\/skillian\/wp-json\/wp\/v2\/pages\/186\/revisions"}],"predecessor-version":[{"id":2295,"href":"https:\/\/dev8.inserito.com\/skillian\/wp-json\/wp\/v2\/pages\/186\/revisions\/2295"}],"wp:attachment":[{"href":"https:\/\/dev8.inserito.com\/skillian\/wp-json\/wp\/v2\/media?parent=186"}],"curies":[{"name":"wp","href":"https:\/\/api.w.org\/{rel}","templated":true}]}}